{"id":18,"date":"2024-06-18T13:30:54","date_gmt":"2024-06-18T13:30:54","guid":{"rendered":"http:\/\/campingvittoria.it\/divertismento\/"},"modified":"2026-03-10T13:03:30","modified_gmt":"2026-03-10T13:03:30","slug":"spiaggia-e-piscina","status":"publish","type":"page","link":"https:\/\/campingvittoria.it\/cz\/spiaggia-e-piscina\/","title":{"rendered":"Pl\u00e1\u017e a baz\u00e9n"},"content":{"rendered":"","protected":false},"excerpt":{"rendered":"","protected":false},"author":1,"featured_media":0,"parent":0,"menu_order":0,"comment_status":"closed","ping_status":"closed","template":"page-divertismento.php","meta":{"footnotes":""},"class_list":["post-18","page","type-page","status-publish","hentry"],"translation":{"provider":"WPGlobus","version":"2.10.10","language":"cz","enabled_languages":["it","en","de","fr","nl","cz","pl"],"languages":{"it":{"title":true,"content":false,"excerpt":false},"en":{"title":true,"content":false,"excerpt":false},"de":{"title":true,"content":false,"excerpt":false},"fr":{"title":true,"content":false,"excerpt":false},"nl":{"title":true,"content":false,"excerpt":false},"cz":{"title":true,"content":false,"excerpt":false},"pl":{"title":true,"content":false,"excerpt":false}}},"acf":[],"_links":{"self":[{"href":"https:\/\/campingvittoria.it\/cz\/wp-json\/wp\/v2\/pages\/18","targetHints":{"allow":["GET"]}}],"collection":[{"href":"https:\/\/campingvittoria.it\/cz\/wp-json\/wp\/v2\/pages"}],"about":[{"href":"https:\/\/campingvittoria.it\/cz\/wp-json\/wp\/v2\/types\/page"}],"author":[{"embeddable":true,"href":"https:\/\/campingvittoria.it\/cz\/wp-json\/wp\/v2\/users\/1"}],"replies":[{"embeddable":true,"href":"https:\/\/campingvittoria.it\/cz\/wp-json\/wp\/v2\/comments?post=18"}],"version-history":[{"count":3,"href":"https:\/\/campingvittoria.it\/cz\/wp-json\/wp\/v2\/pages\/18\/revisions"}],"predecessor-version":[{"id":16031,"href":"https:\/\/campingvittoria.it\/cz\/wp-json\/wp\/v2\/pages\/18\/revisions\/16031"}],"wp:attachment":[{"href":"https:\/\/campingvittoria.it\/cz\/wp-json\/wp\/v2\/media?parent=18"}],"curies":[{"name":"wp","href":"https:\/\/api.w.org\/{rel}","templated":true}]}}